{"id":5081,"date":"2025-03-31T08:34:08","date_gmt":"2025-03-31T06:34:08","guid":{"rendered":"https:\/\/www.centrovacanzemirage.it\/piazzole\/"},"modified":"2025-03-31T22:11:07","modified_gmt":"2025-03-31T20:11:07","slug":"campingplatz","status":"publish","type":"page","link":"https:\/\/www.centrovacanzemirage.it\/de\/campingplatz\/","title":{"rendered":"Campingplatz"},"content":{"rendered":"\t\t<div data-elementor-type=\"wp-page\" data-elementor-id=\"5081\" class=\"elementor elementor-5081 elementor-1565\" data-elementor-post-type=\"page\">\n\t\t\t\t<div class=\"elementor-element elementor-element-3673996 e-flex e-con-boxed e-con e-parent\" data-id=\"3673996\" data-element_type=\"container\" data-e-type=\"container\" data-settings=\"{&quot;background_background&quot;:&quot;classic&quot;}\">\n\t\t\t\t\t<div class=\"e-con-inner\">\n\t\t<div class=\"elementor-element elementor-element-51f5ab6 e-con-full e-flex e-con e-child\" data-id=\"51f5ab6\" data-element_type=\"container\" data-e-type=\"container\">\n\t\t\t\t<div class=\"elementor-element elementor-element-9e4239f elementor-widget elementor-widget-heading\" data-id=\"9e4239f\" data-element_type=\"widget\" data-e-type=\"widget\" data-widget_type=\"heading.default\">\n\t\t\t\t<div class=\"elementor-widget-container\">\n\t\t\t\t\t<div class=\"elementor-heading-title elementor-size-default\">Mirage Ferienzentrum: Feriendorf Camping Marina di Altidona\u2028<\/div>\t\t\t\t<\/div>\n\t\t\t\t<\/div>\n\t\t\t\t<div class=\"elementor-element elementor-element-65b2855 elementor-widget elementor-widget-heading\" data-id=\"65b2855\" data-element_type=\"widget\" data-e-type=\"widget\" data-widget_type=\"heading.default\">\n\t\t\t\t<div class=\"elementor-widget-container\">\n\t\t\t\t\t<h1 class=\"elementor-heading-title elementor-size-default\">Stellpl\u00e4tze und Wohnmobilbereich<\/h1>\t\t\t\t<\/div>\n\t\t\t\t<\/div>\n\t\t\t\t<\/div>\n\t\t\t\t\t<\/div>\n\t\t\t\t<\/div>\n\t\t<div class=\"elementor-element elementor-element-9a02f56 e-flex e-con-boxed e-con e-parent\" data-id=\"9a02f56\" data-element_type=\"container\" data-e-type=\"container\">\n\t\t\t\t\t<div class=\"e-con-inner\">\n\t\t\t\t<div class=\"elementor-element elementor-element-3d5b48d elementor-widget elementor-widget-image\" data-id=\"3d5b48d\" data-element_type=\"widget\" data-e-type=\"widget\" data-widget_type=\"image.default\">\n\t\t\t\t<div class=\"elementor-widget-container\">\n\t\t\t\t\t\t\t\t\t\t\t\t\t\t\t<img decoding=\"async\" src=\"https:\/\/www.centrovacanzemirage.it\/wp-content\/uploads\/2025\/02\/onda-verde.svg\" class=\"attachment-full size-full wp-image-4348\" alt=\"\" \/>\t\t\t\t\t\t\t\t\t\t\t\t\t\t\t<\/div>\n\t\t\t\t<\/div>\n\t\t\t\t<div class=\"elementor-element elementor-element-5bf047f elementor-widget__width-initial elementor-widget-mobile__width-inherit elementor-widget elementor-widget-heading\" data-id=\"5bf047f\" data-element_type=\"widget\" data-e-type=\"widget\" data-widget_type=\"heading.default\">\n\t\t\t\t<div class=\"elementor-widget-container\">\n\t\t\t\t\t<h2 class=\"elementor-heading-title elementor-size-default\">Erleben Sie die Magie des Campings im Mirage Holiday Centre<\/h2>\t\t\t\t<\/div>\n\t\t\t\t<\/div>\n\t\t\t\t\t<\/div>\n\t\t\t\t<\/div>\n\t\t<div class=\"elementor-element elementor-element-db368f6 e-flex e-con-boxed e-con e-parent\" data-id=\"db368f6\" data-element_type=\"container\" data-e-type=\"container\" data-settings=\"{&quot;background_background&quot;:&quot;classic&quot;}\">\n\t\t\t\t\t<div class=\"e-con-inner\">\n\t\t<div class=\"elementor-element elementor-element-0b97275 e-con-full e-flex e-con e-child\" data-id=\"0b97275\" data-element_type=\"container\" data-e-type=\"container\">\n\t\t\t\t<div class=\"elementor-element elementor-element-5590d50 elementor-widget elementor-widget-text-editor\" data-id=\"5590d50\" data-element_type=\"widget\" data-e-type=\"widget\" data-widget_type=\"text-editor.default\">\n\t\t\t\t<div class=\"elementor-widget-container\">\n\t\t\t\t\t\t\t\t\t<p>F\u00fcr alle, die Freiheit und den Kontakt mit der Natur lieben, bietet unser <strong>Campingbereich<\/strong> L\u00f6sungen f\u00fcr jeden Bedarf und <b>garantiert Komfort und Service<\/b> f\u00fcr einen unbeschwerten Aufenthalt. Unsere <b>von Gr\u00fcn umgebenen<\/b> Stellpl\u00e4tze bieten Ihnen ein <b>authentisches Open-Air-Erlebnis<\/b> und f\u00fcr die Anspruchsvolleren gibt es auch Stellpl\u00e4tze mit <b>\u201eprivaten Dienstleistungen\u201c<\/b> f\u00fcr mehr Privatsph\u00e4re und Vertraulichkeit.<\/p>\n\t\t\t\t\t\t\t\t<\/div>\n\t\t\t\t<\/div>\n\t\t\t\t<\/div>\n\t\t\t\t\t<\/div>\n\t\t\t\t<\/div>\n\t\t<div class=\"elementor-element elementor-element-c76d3de e-flex e-con-boxed e-con e-parent\" data-id=\"c76d3de\" data-element_type=\"container\" data-e-type=\"container\">\n\t\t\t\t\t<div class=\"e-con-inner\">\n\t\t<div class=\"elementor-element elementor-element-fe5401c e-con-full e-flex e-con e-child\" data-id=\"fe5401c\" data-element_type=\"container\" data-e-type=\"container\">\n\t\t\t\t<div class=\"elementor-element elementor-element-6c599ca elementor-widget elementor-widget-heading\" data-id=\"6c599ca\" data-element_type=\"widget\" data-e-type=\"widget\" data-widget_type=\"heading.default\">\n\t\t\t\t<div class=\"elementor-widget-container\">\n\t\t\t\t\t<div class=\"elementor-heading-title elementor-size-default\">Komfort und Platz f\u00fcr Ihre Bed\u00fcrfnisse<\/div>\t\t\t\t<\/div>\n\t\t\t\t<\/div>\n\t\t\t\t<div class=\"elementor-element elementor-element-f7a35ac elementor-widget__width-inherit elementor-widget elementor-widget-heading\" data-id=\"f7a35ac\" data-element_type=\"widget\" data-e-type=\"widget\" data-widget_type=\"heading.default\">\n\t\t\t\t<div class=\"elementor-widget-container\">\n\t\t\t\t\t<h2 class=\"elementor-heading-title elementor-size-default\">Entdecken Sie die <u>Stellpl\u00e4tze<\/u><\/h2>\t\t\t\t<\/div>\n\t\t\t\t<\/div>\n\t\t\t\t<div class=\"elementor-element elementor-element-8cb4fa2 elementor-absolute elementor-widget elementor-widget-image\" data-id=\"8cb4fa2\" data-element_type=\"widget\" data-e-type=\"widget\" data-settings=\"{&quot;_position&quot;:&quot;absolute&quot;}\" data-widget_type=\"image.default\">\n\t\t\t\t<div class=\"elementor-widget-container\">\n\t\t\t\t\t\t\t\t\t\t\t\t\t\t\t<img decoding=\"async\" src=\"https:\/\/www.centrovacanzemirage.it\/wp-content\/uploads\/2025\/02\/onda-verde.svg\" class=\"attachment-full size-full wp-image-4348\" alt=\"\" \/>\t\t\t\t\t\t\t\t\t\t\t\t\t\t\t<\/div>\n\t\t\t\t<\/div>\n\t\t\t\t<div class=\"elementor-element elementor-element-42b9ee7 elementor-widget__width-inherit elementor-widget-mobile__width-inherit elementor-widget elementor-widget-jet-listing-grid\" data-id=\"42b9ee7\" data-element_type=\"widget\" data-e-type=\"widget\" data-settings=\"{&quot;columns&quot;:&quot;2&quot;,&quot;columns_tablet&quot;:&quot;2&quot;,&quot;columns_mobile&quot;:&quot;1&quot;}\" data-widget_type=\"jet-listing-grid.default\">\n\t\t\t\t<div class=\"elementor-widget-container\">\n\t\t\t\t\t<div class=\"jet-listing-grid jet-listing\"><div class=\"jet-listing-grid__items grid-col-desk-2 grid-col-tablet-2 grid-col-mobile-1 jet-listing-grid--798\" data-queried-id=\"5081|WP_Post\" data-nav=\"{&quot;enabled&quot;:false,&quot;type&quot;:null,&quot;more_el&quot;:null,&quot;query&quot;:[],&quot;widget_settings&quot;:{&quot;lisitng_id&quot;:798,&quot;posts_num&quot;:6,&quot;columns&quot;:2,&quot;columns_tablet&quot;:2,&quot;columns_mobile&quot;:1,&quot;column_min_width&quot;:240,&quot;column_min_width_tablet&quot;:240,&quot;column_min_width_mobile&quot;:240,&quot;inline_columns_css&quot;:false,&quot;is_archive_template&quot;:&quot;&quot;,&quot;post_status&quot;:[&quot;publish&quot;],&quot;use_random_posts_num&quot;:&quot;&quot;,&quot;max_posts_num&quot;:9,&quot;not_found_message&quot;:&quot;No data was found&quot;,&quot;is_masonry&quot;:false,&quot;equal_columns_height&quot;:&quot;&quot;,&quot;use_load_more&quot;:&quot;&quot;,&quot;load_more_id&quot;:&quot;&quot;,&quot;load_more_type&quot;:&quot;click&quot;,&quot;load_more_offset&quot;:{&quot;unit&quot;:&quot;px&quot;,&quot;size&quot;:0,&quot;sizes&quot;:[]},&quot;use_custom_post_types&quot;:&quot;&quot;,&quot;custom_post_types&quot;:[],&quot;hide_widget_if&quot;:&quot;&quot;,&quot;carousel_enabled&quot;:&quot;&quot;,&quot;slides_to_scroll&quot;:&quot;1&quot;,&quot;arrows&quot;:&quot;true&quot;,&quot;arrow_icon&quot;:&quot;fa fa-angle-left&quot;,&quot;dots&quot;:&quot;&quot;,&quot;autoplay&quot;:&quot;true&quot;,&quot;pause_on_hover&quot;:&quot;true&quot;,&quot;autoplay_speed&quot;:5000,&quot;infinite&quot;:&quot;true&quot;,&quot;center_mode&quot;:&quot;true&quot;,&quot;effect&quot;:&quot;slide&quot;,&quot;speed&quot;:500,&quot;inject_alternative_items&quot;:&quot;&quot;,&quot;injection_items&quot;:[],&quot;scroll_slider_enabled&quot;:&quot;&quot;,&quot;scroll_slider_on&quot;:[&quot;desktop&quot;,&quot;tablet&quot;,&quot;mobile&quot;],&quot;custom_query&quot;:&quot;yes&quot;,&quot;custom_query_id&quot;:&quot;19&quot;,&quot;_element_id&quot;:&quot;&quot;,&quot;collapse_first_last_gap&quot;:false,&quot;list_tag_selection&quot;:&quot;&quot;,&quot;list_items_wrapper_tag&quot;:&quot;div&quot;,&quot;list_item_tag&quot;:&quot;div&quot;,&quot;empty_items_wrapper_tag&quot;:&quot;div&quot;}}\" data-page=\"1\" data-pages=\"1\" data-listing-source=\"query\" data-listing-id=\"798\" data-query-id=\"19\"><div class=\"jet-listing-grid__item jet-listing-dynamic-post-5159\" data-post-id=\"5159\"  ><style type=\"text\/css\">.jet-listing-dynamic-post-5159 .elementor-element.elementor-element-1bb7784:not(.elementor-motion-effects-element-type-background), .jet-listing-dynamic-post-5159 .elementor-element.elementor-element-1bb7784 > .elementor-motion-effects-container > .elementor-motion-effects-layer{background-image:url(\"https:\/\/www.centrovacanzemirage.it\/wp-content\/uploads\/2025\/02\/alloggi-piazzole-10.jpg\");}<\/style><div class=\"jet-engine-listing-overlay-wrap\" data-url=\"https:\/\/www.centrovacanzemirage.it\/de\/alloggi\/stellplatz-mit-eigenem-bad\/\">\t\t<div data-elementor-type=\"jet-listing-items\" data-elementor-id=\"5549\" class=\"elementor elementor-5549 elementor-798 elementor-798\" data-elementor-post-type=\"jet-engine\">\n\t\t\t\t<article class=\"elementor-element elementor-element-1bb7784 e-con-full e-flex e-con e-parent\" data-id=\"1bb7784\" data-element_type=\"container\" data-e-type=\"container\" data-settings=\"{&quot;background_background&quot;:&quot;classic&quot;}\">\n\t\t\t\t<div class=\"elementor-element elementor-element-f113c1f elementor-widget-tablet__width-inherit elementor-widget elementor-widget-image-box\" data-id=\"f113c1f\" data-element_type=\"widget\" data-e-type=\"widget\" data-widget_type=\"image-box.default\">\n\t\t\t\t<div class=\"elementor-widget-container\">\n\t\t\t\t\t<div class=\"elementor-image-box-wrapper\"><div class=\"elementor-image-box-content\"><div class=\"elementor-image-box-title\">Unsere Unterk\u00fcnfte<\/div><p class=\"elementor-image-box-description\">Stellplatz mit eigenem Bad<\/p><\/div><\/div>\t\t\t\t<\/div>\n\t\t\t\t<\/div>\n\t\t\t\t<div class=\"elementor-element elementor-element-4c5dfb4 elementor-icon-list--layout-inline elementor-align-end elementor-tablet-align-start elementor-widget-tablet__width-inherit elementor-list-item-link-full_width elementor-widget elementor-widget-icon-list\" data-id=\"4c5dfb4\" data-element_type=\"widget\" data-e-type=\"widget\" data-widget_type=\"icon-list.default\">\n\t\t\t\t<div class=\"elementor-widget-container\">\n\t\t\t\t\t\t\t<ul class=\"elementor-icon-list-items elementor-inline-items\">\n\t\t\t\t\t\t\t<li class=\"elementor-icon-list-item elementor-inline-item\">\n\t\t\t\t\t\t\t\t\t\t\t<span class=\"elementor-icon-list-icon\">\n\t\t\t\t\t\t\t<i aria-hidden=\"true\" class=\"fas fa-user-friends\"><\/i>\t\t\t\t\t\t<\/span>\n\t\t\t\t\t\t\t\t\t\t<span class=\"elementor-icon-list-text\">6 G\u00e4ste<\/span>\n\t\t\t\t\t\t\t\t\t<\/li>\n\t\t\t\t\t\t\t\t<li class=\"elementor-icon-list-item elementor-inline-item\">\n\t\t\t\t\t\t\t\t\t\t\t<span class=\"elementor-icon-list-icon\">\n\t\t\t\t\t\t\t<i aria-hidden=\"true\" class=\"fas fa-home\"><\/i>\t\t\t\t\t\t<\/span>\n\t\t\t\t\t\t\t\t\t\t<span class=\"elementor-icon-list-text\">42 Mq<\/span>\n\t\t\t\t\t\t\t\t\t<\/li>\n\t\t\t\t\t\t<\/ul>\n\t\t\t\t\t\t<\/div>\n\t\t\t\t<\/div>\n\t\t\t\t<\/article>\n\t\t\t\t<\/div>\n\t\t<a href=\"https:\/\/www.centrovacanzemirage.it\/de\/alloggi\/stellplatz-mit-eigenem-bad\/\" class=\"jet-engine-listing-overlay-link\"><\/a><\/div><\/div><div class=\"jet-listing-grid__item jet-listing-dynamic-post-5162\" data-post-id=\"5162\"  ><style type=\"text\/css\">.jet-listing-dynamic-post-5162 .elementor-element.elementor-element-1bb7784:not(.elementor-motion-effects-element-type-background), .jet-listing-dynamic-post-5162 .elementor-element.elementor-element-1bb7784 > .elementor-motion-effects-container > .elementor-motion-effects-layer{background-image:url(\"https:\/\/www.centrovacanzemirage.it\/wp-content\/uploads\/2025\/02\/alloggi-piazzole-4.jpg\");}<\/style><div class=\"jet-engine-listing-overlay-wrap\" data-url=\"https:\/\/www.centrovacanzemirage.it\/de\/alloggi\/teilung-standard\/\">\t\t<div data-elementor-type=\"jet-listing-items\" data-elementor-id=\"5549\" class=\"elementor elementor-5549 elementor-798 elementor-798\" data-elementor-post-type=\"jet-engine\">\n\t\t\t\t<article class=\"elementor-element elementor-element-1bb7784 e-con-full e-flex e-con e-parent\" data-id=\"1bb7784\" data-element_type=\"container\" data-e-type=\"container\" data-settings=\"{&quot;background_background&quot;:&quot;classic&quot;}\">\n\t\t\t\t<div class=\"elementor-element elementor-element-f113c1f elementor-widget-tablet__width-inherit elementor-widget elementor-widget-image-box\" data-id=\"f113c1f\" data-element_type=\"widget\" data-e-type=\"widget\" data-widget_type=\"image-box.default\">\n\t\t\t\t<div class=\"elementor-widget-container\">\n\t\t\t\t\t<div class=\"elementor-image-box-wrapper\"><div class=\"elementor-image-box-content\"><div class=\"elementor-image-box-title\">Unsere Unterk\u00fcnfte<\/div><p class=\"elementor-image-box-description\">Teilung Standard<\/p><\/div><\/div>\t\t\t\t<\/div>\n\t\t\t\t<\/div>\n\t\t\t\t<div class=\"elementor-element elementor-element-4c5dfb4 elementor-icon-list--layout-inline elementor-align-end elementor-tablet-align-start elementor-widget-tablet__width-inherit elementor-list-item-link-full_width elementor-widget elementor-widget-icon-list\" data-id=\"4c5dfb4\" data-element_type=\"widget\" data-e-type=\"widget\" data-widget_type=\"icon-list.default\">\n\t\t\t\t<div class=\"elementor-widget-container\">\n\t\t\t\t\t\t\t<ul class=\"elementor-icon-list-items elementor-inline-items\">\n\t\t\t\t\t\t\t<li class=\"elementor-icon-list-item elementor-inline-item\">\n\t\t\t\t\t\t\t\t\t\t\t<span class=\"elementor-icon-list-icon\">\n\t\t\t\t\t\t\t<i aria-hidden=\"true\" class=\"fas fa-user-friends\"><\/i>\t\t\t\t\t\t<\/span>\n\t\t\t\t\t\t\t\t\t\t<span class=\"elementor-icon-list-text\">6 G\u00e4ste<\/span>\n\t\t\t\t\t\t\t\t\t<\/li>\n\t\t\t\t\t\t\t\t<li class=\"elementor-icon-list-item elementor-inline-item\">\n\t\t\t\t\t\t\t\t\t\t\t<span class=\"elementor-icon-list-icon\">\n\t\t\t\t\t\t\t<i aria-hidden=\"true\" class=\"fas fa-home\"><\/i>\t\t\t\t\t\t<\/span>\n\t\t\t\t\t\t\t\t\t\t<span class=\"elementor-icon-list-text\">42 Mq<\/span>\n\t\t\t\t\t\t\t\t\t<\/li>\n\t\t\t\t\t\t<\/ul>\n\t\t\t\t\t\t<\/div>\n\t\t\t\t<\/div>\n\t\t\t\t<\/article>\n\t\t\t\t<\/div>\n\t\t<a href=\"https:\/\/www.centrovacanzemirage.it\/de\/alloggi\/teilung-standard\/\" class=\"jet-engine-listing-overlay-link\"><\/a><\/div><\/div><\/div><\/div>\t\t\t\t<\/div>\n\t\t\t\t<\/div>\n\t\t\t\t<\/div>\n\t\t\t\t\t<\/div>\n\t\t\t\t<\/div>\n\t\t<div class=\"elementor-element elementor-element-5a64d90 e-flex e-con-boxed e-con e-parent\" data-id=\"5a64d90\" data-element_type=\"container\" data-e-type=\"container\">\n\t\t\t\t\t<div class=\"e-con-inner\">\n\t\t<div class=\"elementor-element elementor-element-83f40d7 e-con-full e-flex e-con e-child\" data-id=\"83f40d7\" data-element_type=\"container\" data-e-type=\"container\">\n\t\t\t\t<div class=\"elementor-element elementor-element-558d391 elementor-widget elementor-widget-heading\" data-id=\"558d391\" data-element_type=\"widget\" data-e-type=\"widget\" data-widget_type=\"heading.default\">\n\t\t\t\t<div class=\"elementor-widget-container\">\n\t\t\t\t\t<div class=\"elementor-heading-title elementor-size-default\">Unsere Leistungen<\/div>\t\t\t\t<\/div>\n\t\t\t\t<\/div>\n\t\t\t\t<div class=\"elementor-element elementor-element-5a39891 elementor-widget__width-inherit elementor-widget elementor-widget-heading\" data-id=\"5a39891\" data-element_type=\"widget\" data-e-type=\"widget\" data-widget_type=\"heading.default\">\n\t\t\t\t<div class=\"elementor-widget-container\">\n\t\t\t\t\t<h2 class=\"elementor-heading-title elementor-size-default\">Immer im <u>Camping<\/u> enthalten<\/h2>\t\t\t\t<\/div>\n\t\t\t\t<\/div>\n\t\t\t\t<div class=\"elementor-element elementor-element-4d1c41b elementor-widget elementor-widget-text-editor\" data-id=\"4d1c41b\" data-element_type=\"widget\" data-e-type=\"widget\" data-widget_type=\"text-editor.default\">\n\t\t\t\t<div class=\"elementor-widget-container\">\n\t\t\t\t\t\t\t\t\t<p>\u2714 <strong>Schwimmbad<\/strong> zum Abk\u00fchlen und Entspannen<br \/>\u2714 <strong>\u00d6ffentliche Badezimmer mit Warmwasser<\/strong> f\u00fcr maximalen Komfort<br \/>\u2714 <strong>Strom und private Dienstleistungen<\/strong> f\u00fcr einen praktischen und sorgenfreien Aufenthalt<br \/>\u2714 <strong>Shuttle<\/strong>, um bequem zum Strand zu gelangen<br \/>\u2714 <strong>Bimbilandia<\/strong>, ein Paradies f\u00fcr die Kleinen<br \/>\u2714 <strong>Animation<\/strong> und Unterhaltung f\u00fcr die ganze Familie<\/p>\n\t\t\t\t\t\t\t\t<\/div>\n\t\t\t\t<\/div>\n\t\t\t\t<div class=\"elementor-element elementor-element-1fdbe22 elementor-absolute elementor-widget elementor-widget-image\" data-id=\"1fdbe22\" data-element_type=\"widget\" data-e-type=\"widget\" data-settings=\"{&quot;_position&quot;:&quot;absolute&quot;}\" data-widget_type=\"image.default\">\n\t\t\t\t<div class=\"elementor-widget-container\">\n\t\t\t\t\t\t\t\t\t\t\t\t\t\t\t<img decoding=\"async\" src=\"https:\/\/www.centrovacanzemirage.it\/wp-content\/uploads\/2025\/02\/onda-verde.svg\" class=\"attachment-full size-full wp-image-4348\" alt=\"\" \/>\t\t\t\t\t\t\t\t\t\t\t\t\t\t\t<\/div>\n\t\t\t\t<\/div>\n\t\t\t\t<\/div>\n\t\t\t\t\t<\/div>\n\t\t\t\t<\/div>\n\t\t\t\t<\/div>\n\t\t","protected":false},"excerpt":{"rendered":"<p>Mirage Ferienzentrum: Feriendorf Camping Marina di Altidona\u2028 Stellpl\u00e4tze und Wohnmobilbereich Erleben Sie die Magie des Campings im Mirage Holiday Centre F\u00fcr alle, die Freiheit und den Kontakt mit der Natur lieben, bietet unser Campingbereich L\u00f6sungen f\u00fcr jeden Bedarf und garantiert Komfort und Service f\u00fcr einen unbeschwerten Aufenthalt. Unsere von Gr\u00fcn umgebenen Stellpl\u00e4tze bieten Ihnen ein [&hellip;]<\/p>\n","protected":false},"author":1,"featured_media":0,"parent":0,"menu_order":0,"comment_status":"closed","ping_status":"closed","template":"","meta":{"footnotes":""},"class_list":["post-5081","page","type-page","status-publish","hentry"],"_links":{"self":[{"href":"https:\/\/www.centrovacanzemirage.it\/de\/wp-json\/wp\/v2\/pages\/5081","targetHints":{"allow":["GET"]}}],"collection":[{"href":"https:\/\/www.centrovacanzemirage.it\/de\/wp-json\/wp\/v2\/pages"}],"about":[{"href":"https:\/\/www.centrovacanzemirage.it\/de\/wp-json\/wp\/v2\/types\/page"}],"author":[{"embeddable":true,"href":"https:\/\/www.centrovacanzemirage.it\/de\/wp-json\/wp\/v2\/users\/1"}],"replies":[{"embeddable":true,"href":"https:\/\/www.centrovacanzemirage.it\/de\/wp-json\/wp\/v2\/comments?post=5081"}],"version-history":[{"count":5,"href":"https:\/\/www.centrovacanzemirage.it\/de\/wp-json\/wp\/v2\/pages\/5081\/revisions"}],"predecessor-version":[{"id":5589,"href":"https:\/\/www.centrovacanzemirage.it\/de\/wp-json\/wp\/v2\/pages\/5081\/revisions\/5589"}],"wp:attachment":[{"href":"https:\/\/www.centrovacanzemirage.it\/de\/wp-json\/wp\/v2\/media?parent=5081"}],"curies":[{"name":"wp","href":"https:\/\/api.w.org\/{rel}","templated":true}]}}